{"id":6,"date":"2015-06-26T08:32:26","date_gmt":"2015-06-26T08:32:26","guid":{"rendered":"http:\/\/bordono.com\/karaboudjan\/?page_id=6"},"modified":"2023-07-07T14:59:28","modified_gmt":"2023-07-07T12:59:28","slug":"bienvenue","status":"publish","type":"page","link":"https:\/\/karaboudjan.fr\/","title":{"rendered":"Bienvenue"},"content":{"rendered":"\n<p class=\"has-text-align-center has-text-color\" style=\"color:#00ff0d\"><strong>La fanfare est sur <a rel=\"noreferrer noopener\" href=\"https:\/\/www.facebook.com\/fanfarekaraboudjan\/\" target=\"_blank\">Facetruc<\/a> et <a rel=\"noreferrer noopener\" href=\"https:\/\/www.instagram.com\/fanfarekaraboudjan\/\" target=\"_blank\">instamachin<\/a><\/strong><\/p>\n\n\n\n<p class=\"has-text-align-center has-text-color\" style=\"color:#00ff15;font-size:10px\"><strong>Si vous consultez ce site sur un appareil mobile, vous aurez acc\u00e8s \u00e0 un menu en tapotant votre \u00e9cran en haut \u00e0 gauche<br>(je ne sais pas comment le faire appara\u00eetre autrement)<\/strong><\/p>\n\n\n\n<figure class=\"wp-block-video\"><video height=\"720\" style=\"aspect-ratio: 1280 \/ 720;\" width=\"1280\" autoplay controls poster=\"http:\/\/karaboudjan.fr\/wp-content\/uploads\/2023\/07\/Kara-Haka-scaled.jpg\" src=\"http:\/\/karaboudjan.fr\/wp-content\/uploads\/2023\/07\/Hakaboudjan-web2-1.mp4\"><\/video><\/figure>\n\n\n\n<p class=\"has-text-align-center has-text-color has-small-font-size\" style=\"color:#00fe0d\">C&rsquo;est le moment pour nous de partir en vacances !<br>La reprise aura lieu \u00e0 <strong>Carcans (33) les 8 et 9 septembre<\/strong>.<br>Le 8, nous jouerons pour un grand pique-nique villageois \u00e0 partir de 19h. Celui-ci sera suivi par la retransmission sur \u00e9cran g\u00e9ant du match d&rsquo;ouverture de la coupe du monde de rugby : France vs Nouvelle Z\u00e9lande. Nous nous sommes activement pr\u00e9par\u00e9s pour cette occasion, comme vous allez pouvoir le constater en visionnant la petite vid\u00e9o ci-dessus&#8230;<br>Le 9, nous jouerons \u00e0 Maubuisson (c&rsquo;est toujours Carcans, mais au bord du lac) dans le cadre de la <a rel=\"noreferrer noopener\" href=\"https:\/\/www.fefomm.fr\" data-type=\"URL\" data-id=\"https:\/\/www.fefomm.fr\" target=\"_blank\">FEFOMM<\/a> (F\u00eate de l&rsquo;Environnement, de la FOr\u00eat et des M\u00e9tiers du M\u00e9doc).<br>Bonnes vacances \u00e0 tous et \u00e0 tr\u00e8s bient\u00f4t&#8230;<\/p>\n\n\n\n<p><\/p>\n\n\n\n<figure class=\"wp-block-image size-full\"><img loading=\"lazy\" decoding=\"async\" width=\"1024\" height=\"534\" src=\"http:\/\/karaboudjan.fr\/wp-content\/uploads\/2023\/06\/2023-06-17_Pessac-Inaug-Place-Bitaly-85web.jpg\" alt=\"\" class=\"wp-image-293\" srcset=\"https:\/\/karaboudjan.fr\/wp-content\/uploads\/2023\/06\/2023-06-17_Pessac-Inaug-Place-Bitaly-85web.jpg 1024w, https:\/\/karaboudjan.fr\/wp-content\/uploads\/2023\/06\/2023-06-17_Pessac-Inaug-Place-Bitaly-85web-300x156.jpg 300w, https:\/\/karaboudjan.fr\/wp-content\/uploads\/2023\/06\/2023-06-17_Pessac-Inaug-Place-Bitaly-85web-768x401.jpg 768w\" sizes=\"auto, (max-width: 1024px) 100vw, 1024px\" \/><\/figure>\n\n\n\n<p class=\"has-text-align-center has-yellow-color has-text-color\" style=\"font-size:10px\">Inauguration de la nouvelle place Bitaly Pessac, le 17 juin 2023<br>cr\u00e9dit photo : <a rel=\"noreferrer noopener\" href=\"https:\/\/www.facebook.com\/DominiqueLeLannPhoto\/\" target=\"_blank\">Dominique Le Lann<\/a><\/p>\n\n\n<div class=\"page\" title=\"Page 1\">\n<div class=\"layoutArea\">\n<div class=\"column\">\n<div align=\"center\">\n<div style=\"width: 604px;\" class=\"wp-video\"><video class=\"wp-video-shortcode\" id=\"video-6-1\" width=\"604\" height=\"340\" poster=\"http:\/\/karaboudjan.fr\/wp-content\/uploads\/2015\/06\/imageClip.jpeg\" autoplay preload=\"auto\" controls=\"controls\"><source type=\"video\/mp4\" src=\"http:\/\/karaboudjan.fr\/wp-content\/uploads\/2015\/06\/Maikeulboudjan-By-Karaboudjan-ModifCredits.mp4?_=1\" \/><a href=\"http:\/\/karaboudjan.fr\/wp-content\/uploads\/2015\/06\/Maikeulboudjan-By-Karaboudjan-ModifCredits.mp4\">http:\/\/karaboudjan.fr\/wp-content\/uploads\/2015\/06\/Maikeulboudjan-By-Karaboudjan-ModifCredits.mp4<\/a><\/video><\/div>\n<\/div>\n<p style=\"text-align: center;\"><span style=\"color: #00ff00;\">Ma\u00efkeulBoudjan &#8211; The dishwasher groove &#8211; Un clip con\u00e7u et r\u00e9alis\u00e9 par <a href=\"https:\/\/vimeo.com\/capucinemuller\" target=\"_blank\" rel=\"noopener noreferrer\">Capucine Muller<\/a><\/span><\/p>\n<p style=\"text-align: center;\"><span style=\"color: #00ff00;\">Et puis aussi&#8230;<\/span><\/p>\n<p style=\"text-align: center;\"><iframe loading=\"lazy\" src=\"https:\/\/www.youtube.com\/embed\/StujWBlyKvU\" width=\"608\" height=\"342\" frameborder=\"0\" allowfullscreen=\"allowfullscreen\"><\/iframe><\/p>\n<p style=\"text-align: center;\"><span style=\"color: #00ff00;\">Piou pou, le premier morceau confin\u00e9 de la Fanfare.<br>Enregistr\u00e9 chacun chez soi gr\u00e2ce \u00e0 la plateforme BandLab.<br>En invit\u00e9s sp\u00e9ciaux, Priscille et Claude de la Compagnie Choc Trio (Lusignan)<br>qui nous ont fait le plaisir de danser sur notre musique.<\/span><\/p>\n<p style=\"text-align: center;\"><span style=\"color: #00ff00;\">Et puis encore !&#8230;<br><\/span><\/p>\n<p style=\"text-align: center;\"><iframe loading=\"lazy\" src=\"https:\/\/www.youtube.com\/embed\/ueDMt0p8GeY\" width=\"608\" height=\"342\" frameborder=\"0\" allowfullscreen=\"allowfullscreen\"><\/iframe><\/p>\n<p style=\"text-align: center;\"><span style=\"color: #00ff00;\">Le Confinement Blues, deuxi\u00e8me morceau confin\u00e9, et cette fois-ci,<br>on a invit\u00e9 les copains \u00e0 venir jouer avec nous !.<\/span><\/p>\n<p style=\"text-align: center;\"><span style=\"color: #00ff00;\">Orchestre battant pavillon cuivr\u00e9, Karaboudjan se laisse porter par les rythmes tumultueux de l&rsquo;indomptable Garonne.<\/span>&nbsp;<span style=\"color: #00ff00;\">Ainsi, d&rsquo;escale en escale, Karaboudjan s&rsquo;est constitu\u00e9 un r\u00e9pertoire m\u00e9langeant inspirations jazzy, funky, et musiques traditionnelles.<br><\/span><span style=\"color: #00ff00;\">La particularit\u00e9 de Karaboudjan est de proposer un r\u00e9pertoire totalement original compos\u00e9 par Francis Mounier, Gilles Bordonneau et Manu Vranckx.<br><\/span><span style=\"color: #00ff00;\">L&rsquo;\u00e9quipage est compos\u00e9 d&rsquo;une vingtaine de musiciens amateurs et professionnels r\u00e9unissant tous les corps de m\u00e9tiers.<\/span>&nbsp;<span style=\"color: #00ff00;\">Parmi eux, certains ont \u0153uvr\u00e9 dans des groupes tels que :&nbsp;L&rsquo;Occidentale de Fanfare, Grand Six, La Compagnie Lubat, Les Sous Fifres de St Pierre, Pedibus Orchestra, La Frite Noire, The Film, Les Manufactures Verbales&#8230;<br><\/span><span style=\"color: #00ff00;\">Parmi les ports o\u00f9 Karaboudjan a jet\u00e9 l&rsquo;ancre, on peut citer : St Denis De Pile (festival \u00ab\u00a0musique \u00e0 Pile\u00a0\u00bb), St Macaire, St Pierre d&rsquo;Aurillac (festival des \u00ab\u00a0fifres de Garonne\u00a0\u00bb), Les chantiers Tramasset \u00e0 Langoiran (festival \u00ab\u00a0fleuve nomade\u00a0\u00bb), Verdelais (festival \u00ab\u00a0La vall\u00e9e musicale\u00a0\u00bb), Parthenay (premi\u00e8re d\u00e9cade du \u00ab\u00a0lacher de fanfares\u00a0\u00bb), Blanquefort, St Macaire, Bordeaux, Artigues, Luz-St-Sauveur (Festival \u00ab\u00a0Jazz \u00e0 Luz\u00a0\u00bb, B\u00e8gles (2 saisons comme fanfare officielle du stade Andr\u00e9 Moga pour les matches de l&rsquo;UBB), Pauillac&nbsp;(Marathon des Ch\u00e2teaux du M\u00e9doc), Arsac (La M\u00e9docaine)&#8230; <\/span><\/p>\n<\/div>\n<\/div>\n<\/div>","protected":false},"excerpt":{"rendered":"<p>La fanfare est sur Facetruc et instamachin Si vous consultez ce site sur un appareil mobile, vous aurez acc\u00e8s \u00e0 un menu en tapotant votre \u00e9cran en haut \u00e0 gauche(je ne sais pas comment le faire appara\u00eetre autrement) C&rsquo;est le moment pour nous de partir en vacances !La reprise aura lieu \u00e0 Carcans (33) les &hellip; <a href=\"https:\/\/karaboudjan.fr\/\" class=\"more-link\">Continuer la lecture de <span class=\"screen-reader-text\">Bienvenue<\/span> <span class=\"meta-nav\">&rarr;<\/span><\/a><\/p>\n","protected":false},"author":1,"featured_media":0,"parent":0,"menu_order":0,"comment_status":"closed","ping_status":"open","template":"","meta":{"footnotes":""},"class_list":["post-6","page","type-page","status-publish","hentry"],"_links":{"self":[{"href":"https:\/\/karaboudjan.fr\/index.php?rest_route=\/wp\/v2\/pages\/6","targetHints":{"allow":["GET"]}}],"collection":[{"href":"https:\/\/karaboudjan.fr\/index.php?rest_route=\/wp\/v2\/pages"}],"about":[{"href":"https:\/\/karaboudjan.fr\/index.php?rest_route=\/wp\/v2\/types\/page"}],"author":[{"embeddable":true,"href":"https:\/\/karaboudjan.fr\/index.php?rest_route=\/wp\/v2\/users\/1"}],"replies":[{"embeddable":true,"href":"https:\/\/karaboudjan.fr\/index.php?rest_route=%2Fwp%2Fv2%2Fcomments&post=6"}],"version-history":[{"count":57,"href":"https:\/\/karaboudjan.fr\/index.php?rest_route=\/wp\/v2\/pages\/6\/revisions"}],"predecessor-version":[{"id":335,"href":"https:\/\/karaboudjan.fr\/index.php?rest_route=\/wp\/v2\/pages\/6\/revisions\/335"}],"wp:attachment":[{"href":"https:\/\/karaboudjan.fr\/index.php?rest_route=%2Fwp%2Fv2%2Fmedia&parent=6"}],"curies":[{"name":"wp","href":"https:\/\/api.w.org\/{rel}","templated":true}]}}