{"id":45,"date":"2015-06-27T11:59:34","date_gmt":"2015-06-27T09:59:34","guid":{"rendered":"http:\/\/bordono.com\/karaboudjan\/?page_id=45"},"modified":"2019-12-11T00:27:31","modified_gmt":"2019-12-10T22:27:31","slug":"voir","status":"publish","type":"page","link":"https:\/\/karaboudjan.fr\/?page_id=45","title":{"rendered":"Voir"},"content":{"rendered":"\n<figure class=\"wp-block-gallery alignfull columns-3 wp-block-gallery-1 is-layout-flex wp-block-gallery-is-layout-flex\"><ul class=\"blocks-gallery-grid\"><li class=\"blocks-gallery-item\"><figure><img loading=\"lazy\" decoding=\"async\" width=\"1024\" height=\"735\" src=\"http:\/\/karaboudjan.fr\/wp-content\/uploads\/2015\/06\/Sud-Ouest-Cabanes-enf\u00eates-Andernos-7-d\u00e9cembre-2019-1024x735.png\" alt=\"\" data-id=\"213\" data-full-url=\"http:\/\/karaboudjan.fr\/wp-content\/uploads\/2015\/06\/Sud-Ouest-Cabanes-enf\u00eates-Andernos-7-d\u00e9cembre-2019.png\" data-link=\"http:\/\/karaboudjan.fr\/?attachment_id=213\" class=\"wp-image-213\" srcset=\"https:\/\/karaboudjan.fr\/wp-content\/uploads\/2015\/06\/Sud-Ouest-Cabanes-enf\u00eates-Andernos-7-d\u00e9cembre-2019-1024x735.png 1024w, https:\/\/karaboudjan.fr\/wp-content\/uploads\/2015\/06\/Sud-Ouest-Cabanes-enf\u00eates-Andernos-7-d\u00e9cembre-2019-300x215.png 300w, https:\/\/karaboudjan.fr\/wp-content\/uploads\/2015\/06\/Sud-Ouest-Cabanes-enf\u00eates-Andernos-7-d\u00e9cembre-2019.png 1205w\" sizes=\"auto, (max-width: 1024px) 100vw, 1024px\" \/><figcaption class=\"blocks-gallery-item__caption\">Journal Sud-Ouest &#8211; Andernos &#8211; Les Cabanes en f\u00eate &#8211; 7 d\u00e9cembre 2019<\/figcaption><\/figure><\/li><li class=\"blocks-gallery-item\"><figure><img loading=\"lazy\" decoding=\"async\" width=\"1024\" height=\"498\" src=\"http:\/\/karaboudjan.fr\/wp-content\/uploads\/2015\/06\/pano1-1024x498.jpg\" alt=\"\" data-id=\"208\" data-full-url=\"http:\/\/karaboudjan.fr\/wp-content\/uploads\/2015\/06\/pano1.jpg\" data-link=\"http:\/\/karaboudjan.fr\/?attachment_id=208\" class=\"wp-image-208\" srcset=\"https:\/\/karaboudjan.fr\/wp-content\/uploads\/2015\/06\/pano1-1024x498.jpg 1024w, https:\/\/karaboudjan.fr\/wp-content\/uploads\/2015\/06\/pano1-300x146.jpg 300w\" sizes=\"auto, (max-width: 1024px) 100vw, 1024px\" \/><figcaption class=\"blocks-gallery-item__caption\">Sur les Quais \u00e0 Bordeaux<\/figcaption><\/figure><\/li><li class=\"blocks-gallery-item\"><figure><img loading=\"lazy\" decoding=\"async\" width=\"960\" height=\"720\" src=\"http:\/\/karaboudjan.fr\/wp-content\/uploads\/2015\/06\/maiPoumons.jpeg\" alt=\"\" data-id=\"207\" data-full-url=\"http:\/\/karaboudjan.fr\/wp-content\/uploads\/2015\/06\/maiPoumons.jpeg\" data-link=\"http:\/\/karaboudjan.fr\/?attachment_id=207\" class=\"wp-image-207\" srcset=\"https:\/\/karaboudjan.fr\/wp-content\/uploads\/2015\/06\/maiPoumons.jpeg 960w, https:\/\/karaboudjan.fr\/wp-content\/uploads\/2015\/06\/maiPoumons-300x225.jpeg 300w\" sizes=\"auto, (max-width: 960px) 100vw, 960px\" \/><figcaption class=\"blocks-gallery-item__caption\">Mai Poumons &#8211; Bordeaux 2019<\/figcaption><\/figure><\/li><li class=\"blocks-gallery-item\"><figure><img loading=\"lazy\" decoding=\"async\" width=\"1024\" height=\"498\" src=\"http:\/\/karaboudjan.fr\/wp-content\/uploads\/2015\/06\/pano2-1024x498.jpg\" alt=\"\" data-id=\"209\" data-full-url=\"http:\/\/karaboudjan.fr\/wp-content\/uploads\/2015\/06\/pano2.jpg\" data-link=\"http:\/\/karaboudjan.fr\/?attachment_id=209\" class=\"wp-image-209\" srcset=\"https:\/\/karaboudjan.fr\/wp-content\/uploads\/2015\/06\/pano2-1024x498.jpg 1024w, https:\/\/karaboudjan.fr\/wp-content\/uploads\/2015\/06\/pano2-300x146.jpg 300w\" sizes=\"auto, (max-width: 1024px) 100vw, 1024px\" \/><figcaption class=\"blocks-gallery-item__caption\">Toujours sur les quais, toujours \u00e0 Bordeaux&#8230;;-)<\/figcaption><\/figure><\/li><li class=\"blocks-gallery-item\"><figure><img loading=\"lazy\" decoding=\"async\" width=\"1024\" height=\"576\" src=\"http:\/\/karaboudjan.fr\/wp-content\/uploads\/2015\/06\/Karaboudjan-Marathon-2016-1024x576.jpg\" alt=\"\" data-id=\"156\" data-full-url=\"http:\/\/karaboudjan.fr\/wp-content\/uploads\/2015\/06\/Karaboudjan-Marathon-2016.jpg\" data-link=\"http:\/\/karaboudjan.fr\/?attachment_id=156\" class=\"wp-image-156\" srcset=\"https:\/\/karaboudjan.fr\/wp-content\/uploads\/2015\/06\/Karaboudjan-Marathon-2016.jpg 1024w, https:\/\/karaboudjan.fr\/wp-content\/uploads\/2015\/06\/Karaboudjan-Marathon-2016-300x169.jpg 300w\" sizes=\"auto, (max-width: 1024px) 100vw, 1024px\" \/><figcaption class=\"blocks-gallery-item__caption\">Marathon du M\u00e9doc 2016<\/figcaption><\/figure><\/li><li class=\"blocks-gallery-item\"><figure><img loading=\"lazy\" decoding=\"async\" width=\"1024\" height=\"768\" src=\"http:\/\/karaboudjan.fr\/wp-content\/uploads\/2015\/06\/Gradignan1-1024x768.jpg\" alt=\"\" data-id=\"206\" data-full-url=\"http:\/\/karaboudjan.fr\/wp-content\/uploads\/2015\/06\/Gradignan1.jpg\" data-link=\"http:\/\/karaboudjan.fr\/?attachment_id=206\" class=\"wp-image-206\" srcset=\"https:\/\/karaboudjan.fr\/wp-content\/uploads\/2015\/06\/Gradignan1-1024x768.jpg 1024w, https:\/\/karaboudjan.fr\/wp-content\/uploads\/2015\/06\/Gradignan1-300x225.jpg 300w, https:\/\/karaboudjan.fr\/wp-content\/uploads\/2015\/06\/Gradignan1.jpg 1600w\" sizes=\"auto, (max-width: 1024px) 100vw, 1024px\" \/><figcaption class=\"blocks-gallery-item__caption\">Sport &amp; Nature &#8211; Gradignan &#8211; juin 2019<\/figcaption><\/figure><\/li><li class=\"blocks-gallery-item\"><figure><img loading=\"lazy\" decoding=\"async\" width=\"1024\" height=\"576\" src=\"http:\/\/karaboudjan.fr\/wp-content\/uploads\/2015\/06\/20160910_102712-1024x576.jpg\" alt=\"\" data-id=\"161\" data-full-url=\"http:\/\/karaboudjan.fr\/wp-content\/uploads\/2015\/06\/20160910_102712.jpg\" data-link=\"http:\/\/karaboudjan.fr\/?attachment_id=161\" class=\"wp-image-161\" srcset=\"https:\/\/karaboudjan.fr\/wp-content\/uploads\/2015\/06\/20160910_102712-1024x576.jpg 1024w, https:\/\/karaboudjan.fr\/wp-content\/uploads\/2015\/06\/20160910_102712-300x169.jpg 300w\" sizes=\"auto, (max-width: 1024px) 100vw, 1024px\" \/><figcaption class=\"blocks-gallery-item__caption\">Marathon du M\u00e9doc 2016<\/figcaption><\/figure><\/li><li class=\"blocks-gallery-item\"><figure><img loading=\"lazy\" decoding=\"async\" width=\"1024\" height=\"576\" src=\"http:\/\/karaboudjan.fr\/wp-content\/uploads\/2015\/06\/20160521_081436-1024x576.jpg\" alt=\"\" data-id=\"160\" data-full-url=\"http:\/\/karaboudjan.fr\/wp-content\/uploads\/2015\/06\/20160521_081436.jpg\" data-link=\"http:\/\/karaboudjan.fr\/?attachment_id=160\" class=\"wp-image-160\" srcset=\"https:\/\/karaboudjan.fr\/wp-content\/uploads\/2015\/06\/20160521_081436-1024x576.jpg 1024w, https:\/\/karaboudjan.fr\/wp-content\/uploads\/2015\/06\/20160521_081436-300x169.jpg 300w\" sizes=\"auto, (max-width: 1024px) 100vw, 1024px\" \/><figcaption class=\"blocks-gallery-item__caption\">La M\u00e9docaine 2016<\/figcaption><\/figure><\/li><li class=\"blocks-gallery-item\"><figure><img loading=\"lazy\" decoding=\"async\" width=\"1024\" height=\"576\" src=\"http:\/\/karaboudjan.fr\/wp-content\/uploads\/2015\/06\/20160319_163922-1024x576.jpg\" alt=\"\" data-id=\"159\" data-full-url=\"http:\/\/karaboudjan.fr\/wp-content\/uploads\/2015\/06\/20160319_163922.jpg\" data-link=\"http:\/\/karaboudjan.fr\/?attachment_id=159\" class=\"wp-image-159\" srcset=\"https:\/\/karaboudjan.fr\/wp-content\/uploads\/2015\/06\/20160319_163922-1024x576.jpg 1024w, https:\/\/karaboudjan.fr\/wp-content\/uploads\/2015\/06\/20160319_163922-300x169.jpg 300w\" sizes=\"auto, (max-width: 1024px) 100vw, 1024px\" \/><figcaption class=\"blocks-gallery-item__caption\">Carnaval \u00e0 Camblanes (2016)<\/figcaption><\/figure><\/li><li class=\"blocks-gallery-item\"><figure><img loading=\"lazy\" decoding=\"async\" width=\"1024\" height=\"576\" src=\"http:\/\/karaboudjan.fr\/wp-content\/uploads\/2015\/06\/DSC00379-1024x576.jpg\" alt=\"\" data-id=\"116\" data-full-url=\"http:\/\/karaboudjan.fr\/wp-content\/uploads\/2015\/06\/DSC00379.jpg\" data-link=\"http:\/\/karaboudjan.fr\/?attachment_id=116\" class=\"wp-image-116\" srcset=\"https:\/\/karaboudjan.fr\/wp-content\/uploads\/2015\/06\/DSC00379-1024x576.jpg 1024w, https:\/\/karaboudjan.fr\/wp-content\/uploads\/2015\/06\/DSC00379-300x169.jpg 300w\" sizes=\"auto, (max-width: 1024px) 100vw, 1024px\" \/><figcaption class=\"blocks-gallery-item__caption\">Carnaval \u00e0 Camblanes (2016)<\/figcaption><\/figure><\/li><li class=\"blocks-gallery-item\"><figure><img loading=\"lazy\" decoding=\"async\" width=\"1024\" height=\"576\" src=\"http:\/\/karaboudjan.fr\/wp-content\/uploads\/2015\/06\/20150412_105215-1024x576.jpg\" alt=\"\" data-id=\"107\" data-full-url=\"http:\/\/karaboudjan.fr\/wp-content\/uploads\/2015\/06\/20150412_105215.jpg\" data-link=\"http:\/\/karaboudjan.fr\/?attachment_id=107\" class=\"wp-image-107\" srcset=\"https:\/\/karaboudjan.fr\/wp-content\/uploads\/2015\/06\/20150412_105215-1024x576.jpg 1024w, https:\/\/karaboudjan.fr\/wp-content\/uploads\/2015\/06\/20150412_105215-300x169.jpg 300w\" sizes=\"auto, (max-width: 1024px) 100vw, 1024px\" \/><figcaption class=\"blocks-gallery-item__caption\">March\u00e9 \u00e0 Latresne<\/figcaption><\/figure><\/li><li class=\"blocks-gallery-item\"><figure><img loading=\"lazy\" decoding=\"async\" width=\"1024\" height=\"576\" src=\"http:\/\/karaboudjan.fr\/wp-content\/uploads\/2015\/06\/20150328_124429-1024x576.jpg\" alt=\"\" data-id=\"106\" data-full-url=\"http:\/\/karaboudjan.fr\/wp-content\/uploads\/2015\/06\/20150328_124429.jpg\" data-link=\"http:\/\/karaboudjan.fr\/?attachment_id=106\" class=\"wp-image-106\" srcset=\"https:\/\/karaboudjan.fr\/wp-content\/uploads\/2015\/06\/20150328_124429-1024x576.jpg 1024w, https:\/\/karaboudjan.fr\/wp-content\/uploads\/2015\/06\/20150328_124429-300x169.jpg 300w\" sizes=\"auto, (max-width: 1024px) 100vw, 1024px\" \/><figcaption class=\"blocks-gallery-item__caption\">Journ\u00e9e portes ouvertes Ch\u00e2teaux du M\u00e9doc<\/figcaption><\/figure><\/li><li class=\"blocks-gallery-item\"><figure><img loading=\"lazy\" decoding=\"async\" width=\"800\" height=\"675\" src=\"http:\/\/karaboudjan.fr\/wp-content\/uploads\/2015\/06\/kara03.jpg\" alt=\"\" data-id=\"51\" data-full-url=\"http:\/\/karaboudjan.fr\/wp-content\/uploads\/2015\/06\/kara03.jpg\" data-link=\"http:\/\/karaboudjan.fr\/?attachment_id=51\" class=\"wp-image-51\" srcset=\"https:\/\/karaboudjan.fr\/wp-content\/uploads\/2015\/06\/kara03.jpg 800w, https:\/\/karaboudjan.fr\/wp-content\/uploads\/2015\/06\/kara03-300x253.jpg 300w\" sizes=\"auto, (max-width: 800px) 100vw, 800px\" \/><figcaption class=\"blocks-gallery-item__caption\">Carnaval \u00e0 Camblanes<\/figcaption><\/figure><\/li><li class=\"blocks-gallery-item\"><figure><img loading=\"lazy\" decoding=\"async\" width=\"639\" height=\"400\" src=\"http:\/\/karaboudjan.fr\/wp-content\/uploads\/2015\/06\/kara01-e1435486469122.jpg\" alt=\"\" data-id=\"47\" data-full-url=\"http:\/\/karaboudjan.fr\/wp-content\/uploads\/2015\/06\/kara01-e1435486469122.jpg\" data-link=\"http:\/\/karaboudjan.fr\/?attachment_id=47\" class=\"wp-image-47\"\/><figcaption class=\"blocks-gallery-item__caption\">Carnaval \u00e0 Camblanes<\/figcaption><\/figure><\/li><li class=\"blocks-gallery-item\"><figure><img loading=\"lazy\" decoding=\"async\" width=\"800\" height=\"428\" src=\"http:\/\/karaboudjan.fr\/wp-content\/uploads\/2015\/06\/kara05.jpg\" alt=\"\" data-id=\"53\" data-full-url=\"http:\/\/karaboudjan.fr\/wp-content\/uploads\/2015\/06\/kara05.jpg\" data-link=\"http:\/\/karaboudjan.fr\/?attachment_id=53\" class=\"wp-image-53\" srcset=\"https:\/\/karaboudjan.fr\/wp-content\/uploads\/2015\/06\/kara05.jpg 800w, https:\/\/karaboudjan.fr\/wp-content\/uploads\/2015\/06\/kara05-300x161.jpg 300w\" sizes=\"auto, (max-width: 800px) 100vw, 800px\" \/><figcaption class=\"blocks-gallery-item__caption\">Allez, Bye !&#8230;;-)<\/figcaption><\/figure><\/li><\/ul><\/figure>\n\n\n\n<p>      <\/p>\n\n\n\n<p> <\/p>\n\n\n\n<p> <\/p>\n\n\n\n<p> <\/p>\n\n\n\n<p><\/p>\n\n\n\n<p class=\"has-text-align-center\"> <\/p>\n\n\n\n<p class=\"has-text-align-center\"> <\/p>\n\n\n\n<p class=\"has-text-align-center\"> <\/p>\n\n\n\n<p class=\"has-text-align-center\"> <\/p>\n\n\n\n<p class=\"has-text-align-center\"> <\/p>\n\n\n\n<p class=\"has-text-align-center\"> <\/p>\n\n\n\n<p class=\"has-text-align-center\"> <\/p>\n\n\n\n<p class=\"has-text-align-center\"> <\/p>\n\n\n\n<p class=\"has-text-align-center\"> <\/p>\n\n\n\n<p class=\"has-text-align-center\"> <\/p>\n\n\n\n<p class=\"has-text-align-center\"> <\/p>\n\n\n\n<p class=\"has-text-align-center\"> <\/p>\n\n\n\n<p class=\"has-text-align-center\"> <\/p>\n\n\n\n<p class=\"has-text-align-center\"> <\/p>\n\n\n\n<p class=\"has-text-align-center\"> <\/p>\n\n\n\n<p class=\"has-text-align-center\"> <\/p>\n\n\n\n<p class=\"has-text-align-center\"> <\/p>\n\n\n\n<p class=\"has-text-align-center\"> <\/p>\n\n\n\n<p class=\"has-text-align-center\"> <\/p>\n\n\n\n<p class=\"has-text-align-center\">      <\/p>\n\n\n\n<p><\/p>\n\n\n\n<p><\/p>\n\n\n\n<p><\/p>\n\n\n\n<p><\/p>\n\n\n\n<p><\/p>\n\n\n\n<p><\/p>\n\n\n\n<p><\/p>\n\n\n\n<p><\/p>\n\n\n\n<p><\/p>\n\n\n\n<p><\/p>\n\n\n\n<p><\/p>\n\n\n\n<p><\/p>\n\n\n\n<p><\/p>\n\n\n\n<p><\/p>\n\n\n\n<p><\/p>\n\n\n\n<p><\/p>\n\n\n\n<p><\/p>\n\n\n\n<p><\/p>\n\n\n\n<p><\/p>\n\n\n\n<p><\/p>\n\n\n\n<p><\/p>\n\n\n\n<p><\/p>\n\n\n\n<p><\/p>\n","protected":false},"excerpt":{"rendered":"","protected":false},"author":1,"featured_media":0,"parent":0,"menu_order":2,"comment_status":"closed","ping_status":"closed","template":"","meta":{"footnotes":""},"class_list":["post-45","page","type-page","status-publish","hentry"],"_links":{"self":[{"href":"https:\/\/karaboudjan.fr\/index.php?rest_route=\/wp\/v2\/pages\/45","targetHints":{"allow":["GET"]}}],"collection":[{"href":"https:\/\/karaboudjan.fr\/index.php?rest_route=\/wp\/v2\/pages"}],"about":[{"href":"https:\/\/karaboudjan.fr\/index.php?rest_route=\/wp\/v2\/types\/page"}],"author":[{"embeddable":true,"href":"https:\/\/karaboudjan.fr\/index.php?rest_route=\/wp\/v2\/users\/1"}],"replies":[{"embeddable":true,"href":"https:\/\/karaboudjan.fr\/index.php?rest_route=%2Fwp%2Fv2%2Fcomments&post=45"}],"version-history":[{"count":31,"href":"https:\/\/karaboudjan.fr\/index.php?rest_route=\/wp\/v2\/pages\/45\/revisions"}],"predecessor-version":[{"id":237,"href":"https:\/\/karaboudjan.fr\/index.php?rest_route=\/wp\/v2\/pages\/45\/revisions\/237"}],"wp:attachment":[{"href":"https:\/\/karaboudjan.fr\/index.php?rest_route=%2Fwp%2Fv2%2Fmedia&parent=45"}],"curies":[{"name":"wp","href":"https:\/\/api.w.org\/{rel}","templated":true}]}}