{"id":34,"date":"2015-06-27T11:14:16","date_gmt":"2015-06-27T09:14:16","guid":{"rendered":"http:\/\/bordono.com\/karaboudjan\/?page_id=34"},"modified":"2022-07-06T13:09:28","modified_gmt":"2022-07-06T11:09:28","slug":"ecouter","status":"publish","type":"page","link":"https:\/\/karaboudjan.fr\/?page_id=34","title":{"rendered":"\u00c9couter"},"content":{"rendered":"<div class=\"wp-playlist wp-audio-playlist wp-playlist-light\">\n\t\t\t<div class=\"wp-playlist-current-item\"><\/div>\n\t\t<audio controls=\"controls\" preload=\"none\" width=\"582\"\n\t\t\t><\/audio>\n\t<div class=\"wp-playlist-next\"><\/div>\n\t<div class=\"wp-playlist-prev\"><\/div>\n\t<noscript>\n\t<ol>\n\t\t<li><a href='https:\/\/karaboudjan.fr\/wp-content\/uploads\/2015\/06\/Scottish-M\u00e9tisse.mp3'>Scottish M\u00e9tisse<\/a><\/li><li><a href='https:\/\/karaboudjan.fr\/wp-content\/uploads\/2015\/06\/MaikeulBoudjan.mp3'>MaikeulBoudjan<\/a><\/li><li><a href='https:\/\/karaboudjan.fr\/wp-content\/uploads\/2015\/06\/KaraBalkan.mp3'>KaraBalkan<\/a><\/li><li><a href='https:\/\/karaboudjan.fr\/wp-content\/uploads\/2015\/06\/Chachaboudjan.mp3'>ChachaBoudjan<\/a><\/li><li><a href='https:\/\/karaboudjan.fr\/wp-content\/uploads\/2015\/06\/Truc-Tranquille-quoique\u2026.mp3'>Truc Tranquille (quoique\u2026)<\/a><\/li><li><a href='https:\/\/karaboudjan.fr\/wp-content\/uploads\/2015\/06\/iLoveUBB-good-one.mp3'>I Love UBB<\/a><\/li><li><a href='https:\/\/karaboudjan.fr\/wp-content\/uploads\/2015\/06\/Valsaboudjan-2016.mp3'>Valsaboudjan<\/a><\/li><li><a href='https:\/\/karaboudjan.fr\/wp-content\/uploads\/2015\/06\/Nostalgia-In-Carcans-2016.mp3'>Nostalgia In Carcans<\/a><\/li><li><a href='https:\/\/karaboudjan.fr\/wp-content\/uploads\/2015\/06\/KaraboudJames-2016.mp3'>KaraboudJames<\/a><\/li><li><a href='https:\/\/karaboudjan.fr\/wp-content\/uploads\/2015\/06\/Emport\u00e9s-par-les-vents-2016.mp3'>Emport\u00e9s par les vents<\/a><\/li><li><a href='https:\/\/karaboudjan.fr\/wp-content\/uploads\/2022\/07\/Najdu-Obarak.mp3'>Najdu Obarak<\/a><\/li><li><a href='https:\/\/karaboudjan.fr\/wp-content\/uploads\/2022\/07\/le-Karadheure-Americain.mp3'>le Karad'heure Am\u00e9ricain<\/a><\/li><li><a href='https:\/\/karaboudjan.fr\/wp-content\/uploads\/2022\/07\/Karatango.mp3'>Karatango<\/a><\/li><li><a href='https:\/\/karaboudjan.fr\/wp-content\/uploads\/2022\/07\/Karaboudjan.mp3'>Karaboudjan<\/a><\/li><li><a href='https:\/\/karaboudjan.fr\/wp-content\/uploads\/2022\/07\/Green-Black-Boogie.mp3'>Green Black Boogie<\/a><\/li>\t<\/ol>\n\t<\/noscript>\n\t<script type=\"application\/json\" class=\"wp-playlist-script\">{\"type\":\"audio\",\"tracklist\":true,\"tracknumbers\":true,\"images\":true,\"artists\":true,\"tracks\":[{\"src\":\"https:\/\/karaboudjan.fr\/wp-content\/uploads\/2015\/06\/Scottish-M\\u00e9tisse.mp3\",\"type\":\"audio\/mpeg\",\"title\":\"Scottish M\\u00e9tisse\",\"caption\":\"\",\"description\":\"\\u003Ci\\u003EScottish M\\u00e9tisse\\u003C\/i\\u003E tir\\u00e9 de \\u003Ci\\u003ED\\u00e9mo 2015\\u003C\/i\\u003E par La Fanfare du Karaboudjan. Date de sortie&nbsp;: 2015.\",\"meta\":{\"artist\":\"La Fanfare du Karaboudjan\",\"album\":\"D\\u00e9mo 2015\",\"year\":\"2015\",\"length_formatted\":\"5:14\"},\"image\":{\"src\":\"https:\/\/karaboudjan.fr\/wp-includes\/images\/media\/audio.svg\",\"width\":48,\"height\":64},\"thumb\":{\"src\":\"https:\/\/karaboudjan.fr\/wp-includes\/images\/media\/audio.svg\",\"width\":48,\"height\":64}},{\"src\":\"https:\/\/karaboudjan.fr\/wp-content\/uploads\/2015\/06\/MaikeulBoudjan.mp3\",\"type\":\"audio\/mpeg\",\"title\":\"MaikeulBoudjan\",\"caption\":\"\",\"description\":\"\\u003Ci\\u003EMaikeulBoudjan\\u003C\/i\\u003E tir\\u00e9 de \\u003Ci\\u003ED\\u00e9mo 2015\\u003C\/i\\u003E par La Fanfare du Karaboudjan. Date de sortie&nbsp;: 2015.\",\"meta\":{\"artist\":\"La Fanfare du Karaboudjan\",\"album\":\"D\\u00e9mo 2015\",\"year\":\"2015\",\"length_formatted\":\"3:18\"},\"image\":{\"src\":\"https:\/\/karaboudjan.fr\/wp-includes\/images\/media\/audio.svg\",\"width\":48,\"height\":64},\"thumb\":{\"src\":\"https:\/\/karaboudjan.fr\/wp-includes\/images\/media\/audio.svg\",\"width\":48,\"height\":64}},{\"src\":\"https:\/\/karaboudjan.fr\/wp-content\/uploads\/2015\/06\/KaraBalkan.mp3\",\"type\":\"audio\/mpeg\",\"title\":\"KaraBalkan\",\"caption\":\"\",\"description\":\"\\u003Ci\\u003EKaraBalkan\\u003C\/i\\u003E tir\\u00e9 de \\u003Ci\\u003ED\\u00e9mo 2015\\u003C\/i\\u003E par La Fanfare du Karaboudjan. Date de sortie&nbsp;: 2015.\",\"meta\":{\"artist\":\"La Fanfare du Karaboudjan\",\"album\":\"D\\u00e9mo 2015\",\"year\":\"2015\",\"length_formatted\":\"3:40\"},\"image\":{\"src\":\"https:\/\/karaboudjan.fr\/wp-includes\/images\/media\/audio.svg\",\"width\":48,\"height\":64},\"thumb\":{\"src\":\"https:\/\/karaboudjan.fr\/wp-includes\/images\/media\/audio.svg\",\"width\":48,\"height\":64}},{\"src\":\"https:\/\/karaboudjan.fr\/wp-content\/uploads\/2015\/06\/Chachaboudjan.mp3\",\"type\":\"audio\/mpeg\",\"title\":\"ChachaBoudjan\",\"caption\":\"\",\"description\":\"\\u003Ci\\u003EChachaBoudjan\\u003C\/i\\u003E tir\\u00e9 de \\u003Ci\\u003ED\\u00e9mo 2015\\u003C\/i\\u003E par La Fanfare du Karaboudjan. Date de sortie&nbsp;: 2015.\",\"meta\":{\"artist\":\"La Fanfare du Karaboudjan\",\"album\":\"D\\u00e9mo 2015\",\"year\":\"2015\",\"length_formatted\":\"4:24\"},\"image\":{\"src\":\"https:\/\/karaboudjan.fr\/wp-includes\/images\/media\/audio.svg\",\"width\":48,\"height\":64},\"thumb\":{\"src\":\"https:\/\/karaboudjan.fr\/wp-includes\/images\/media\/audio.svg\",\"width\":48,\"height\":64}},{\"src\":\"https:\/\/karaboudjan.fr\/wp-content\/uploads\/2015\/06\/Truc-Tranquille-quoique\\u2026.mp3\",\"type\":\"audio\/mpeg\",\"title\":\"Truc Tranquille (quoique\\u2026)\",\"caption\":\"\",\"description\":\"\\u003Ci\\u003ETruc Tranquille (quoique\\u2026)\\u003C\/i\\u003E tir\\u00e9 de \\u003Ci\\u003ED\\u00e9mo 2015\\u003C\/i\\u003E par La Fanfare du Karaboudjan. Date de sortie&nbsp;: 2015.\",\"meta\":{\"artist\":\"La Fanfare du Karaboudjan\",\"album\":\"D\\u00e9mo 2015\",\"year\":\"2015\",\"length_formatted\":\"4:10\"},\"image\":{\"src\":\"https:\/\/karaboudjan.fr\/wp-includes\/images\/media\/audio.svg\",\"width\":48,\"height\":64},\"thumb\":{\"src\":\"https:\/\/karaboudjan.fr\/wp-includes\/images\/media\/audio.svg\",\"width\":48,\"height\":64}},{\"src\":\"https:\/\/karaboudjan.fr\/wp-content\/uploads\/2015\/06\/iLoveUBB-good-one.mp3\",\"type\":\"audio\/mpeg\",\"title\":\"I Love UBB\",\"caption\":\"\",\"description\":\"\\u003Ci\\u003EI Love UBB - mix 16\/12\/13\\u003C\/i\\u003E tir\\u00e9 de \\u003Ci\\u003EKaraboudjan 2013\\u003C\/i\\u003E par Karaboudjan. Date de sortie&nbsp;: 2013. Genre&nbsp;: Instrumental\",\"meta\":{\"artist\":\"La Fanfare du Karaboudjan\",\"album\":\"D\\u00e9mo 2015\",\"genre\":\"Instrumental\",\"year\":\"2013\",\"length_formatted\":\"3:22\"},\"image\":{\"src\":\"https:\/\/karaboudjan.fr\/wp-includes\/images\/media\/audio.svg\",\"width\":48,\"height\":64},\"thumb\":{\"src\":\"https:\/\/karaboudjan.fr\/wp-includes\/images\/media\/audio.svg\",\"width\":48,\"height\":64}},{\"src\":\"https:\/\/karaboudjan.fr\/wp-content\/uploads\/2015\/06\/Valsaboudjan-2016.mp3\",\"type\":\"audio\/mpeg\",\"title\":\"Valsaboudjan\",\"caption\":\"\",\"description\":\"\\u003Ci\\u003EValsaboudjan\\u003C\/i\\u003E par La Fanfare du Karaboudjan. Date de sortie&nbsp;: 2016.\",\"meta\":{\"artist\":\"La Fanfare du Karaboudjan\",\"year\":\"2016\",\"length_formatted\":\"3:24\"},\"image\":{\"src\":\"https:\/\/karaboudjan.fr\/wp-includes\/images\/media\/audio.svg\",\"width\":48,\"height\":64},\"thumb\":{\"src\":\"https:\/\/karaboudjan.fr\/wp-includes\/images\/media\/audio.svg\",\"width\":48,\"height\":64}},{\"src\":\"https:\/\/karaboudjan.fr\/wp-content\/uploads\/2015\/06\/Nostalgia-In-Carcans-2016.mp3\",\"type\":\"audio\/mpeg\",\"title\":\"Nostalgia In Carcans\",\"caption\":\"\",\"description\":\"\\u003Ci\\u003ENostalgia In Carcans 2016\\u003C\/i\\u003E par La Fanfare du Karaboudjan. Date de sortie&nbsp;: 2016.\",\"meta\":{\"artist\":\"La Fanfare du Karaboudjan\",\"year\":\"2016\",\"length_formatted\":\"3:19\"},\"image\":{\"src\":\"https:\/\/karaboudjan.fr\/wp-includes\/images\/media\/audio.svg\",\"width\":48,\"height\":64},\"thumb\":{\"src\":\"https:\/\/karaboudjan.fr\/wp-includes\/images\/media\/audio.svg\",\"width\":48,\"height\":64}},{\"src\":\"https:\/\/karaboudjan.fr\/wp-content\/uploads\/2015\/06\/KaraboudJames-2016.mp3\",\"type\":\"audio\/mpeg\",\"title\":\"KaraboudJames\",\"caption\":\"\",\"description\":\"\\u003Ci\\u003EKaraboudJames mix 3\\u003C\/i\\u003E par La Fanfare du Karaboudjan. Date de sortie&nbsp;: 2016.\",\"meta\":{\"artist\":\"La Fanfare du Karaboudjan\",\"year\":\"2016\",\"length_formatted\":\"4:54\"},\"image\":{\"src\":\"https:\/\/karaboudjan.fr\/wp-includes\/images\/media\/audio.svg\",\"width\":48,\"height\":64},\"thumb\":{\"src\":\"https:\/\/karaboudjan.fr\/wp-includes\/images\/media\/audio.svg\",\"width\":48,\"height\":64}},{\"src\":\"https:\/\/karaboudjan.fr\/wp-content\/uploads\/2015\/06\/Emport\\u00e9s-par-les-vents-2016.mp3\",\"type\":\"audio\/mpeg\",\"title\":\"Emport\\u00e9s par les vents\",\"caption\":\"\",\"description\":\"\\u003Ci\\u003EEmport\\u00e9s par les vents 2016\\u003C\/i\\u003E par La Fanfare du Karaboudjan. Date de sortie&nbsp;: 2016.\",\"meta\":{\"artist\":\"La Fanfare du Karaboudjan\",\"year\":\"2016\",\"length_formatted\":\"4:30\"},\"image\":{\"src\":\"https:\/\/karaboudjan.fr\/wp-includes\/images\/media\/audio.svg\",\"width\":48,\"height\":64},\"thumb\":{\"src\":\"https:\/\/karaboudjan.fr\/wp-includes\/images\/media\/audio.svg\",\"width\":48,\"height\":64}},{\"src\":\"https:\/\/karaboudjan.fr\/wp-content\/uploads\/2022\/07\/Najdu-Obarak.mp3\",\"type\":\"audio\/mpeg\",\"title\":\"Najdu Obarak\",\"caption\":\"\",\"description\":\"\\u003Ci\\u003ENajdu Obarak\\u003C\/i\\u003E tir\\u00e9 de \\u003Ci\\u003ED\\u00e9mo\\u003C\/i\\u003E par La Fanfare du Karaboudjan. Date de sortie\\u00a0: 2020.\",\"meta\":{\"artist\":\"La Fanfare du Karaboudjan\",\"album\":\"D\\u00e9mo\",\"year\":\"2020\",\"length_formatted\":\"2:58\"},\"image\":{\"src\":\"https:\/\/karaboudjan.fr\/wp-content\/uploads\/2022\/07\/Green-Black-Boogie-mp3-image.jpg\",\"width\":1098,\"height\":1098},\"thumb\":{\"src\":\"https:\/\/karaboudjan.fr\/wp-content\/uploads\/2022\/07\/Green-Black-Boogie-mp3-image-150x150.jpg\",\"width\":150,\"height\":150}},{\"src\":\"https:\/\/karaboudjan.fr\/wp-content\/uploads\/2022\/07\/le-Karadheure-Americain.mp3\",\"type\":\"audio\/mpeg\",\"title\":\"le Karad'heure Am\\u00e9ricain\",\"caption\":\"\",\"description\":\"\\u003Ci\\u003Ele Karad'heure Am\\u00e9ricain\\u003C\/i\\u003E tir\\u00e9 de \\u003Ci\\u003ED\\u00e9mo\\u003C\/i\\u003E par La Fanfare du Karaboudjan. Date de sortie\\u00a0: 2020.\",\"meta\":{\"artist\":\"La Fanfare du Karaboudjan\",\"album\":\"D\\u00e9mo\",\"year\":\"2020\",\"length_formatted\":\"3:59\"},\"image\":{\"src\":\"https:\/\/karaboudjan.fr\/wp-content\/uploads\/2022\/07\/Green-Black-Boogie-mp3-image.jpg\",\"width\":1098,\"height\":1098},\"thumb\":{\"src\":\"https:\/\/karaboudjan.fr\/wp-content\/uploads\/2022\/07\/Green-Black-Boogie-mp3-image-150x150.jpg\",\"width\":150,\"height\":150}},{\"src\":\"https:\/\/karaboudjan.fr\/wp-content\/uploads\/2022\/07\/Karatango.mp3\",\"type\":\"audio\/mpeg\",\"title\":\"Karatango\",\"caption\":\"\",\"description\":\"\\u003Ci\\u003EKaratango\\u003C\/i\\u003E tir\\u00e9 de \\u003Ci\\u003ED\\u00e9mo\\u003C\/i\\u003E par La Fanfare du Karaboudjan. Date de sortie\\u00a0: 2020.\",\"meta\":{\"artist\":\"La Fanfare du Karaboudjan\",\"album\":\"D\\u00e9mo\",\"year\":\"2020\",\"length_formatted\":\"4:18\"},\"image\":{\"src\":\"https:\/\/karaboudjan.fr\/wp-content\/uploads\/2022\/07\/Green-Black-Boogie-mp3-image.jpg\",\"width\":1098,\"height\":1098},\"thumb\":{\"src\":\"https:\/\/karaboudjan.fr\/wp-content\/uploads\/2022\/07\/Green-Black-Boogie-mp3-image-150x150.jpg\",\"width\":150,\"height\":150}},{\"src\":\"https:\/\/karaboudjan.fr\/wp-content\/uploads\/2022\/07\/Karaboudjan.mp3\",\"type\":\"audio\/mpeg\",\"title\":\"Karaboudjan\",\"caption\":\"\",\"description\":\"\\u003Ci\\u003EKaraboudjan\\u003C\/i\\u003E tir\\u00e9 de \\u003Ci\\u003ED\\u00e9mo\\u003C\/i\\u003E par La Fanfare du Karaboudjan. Date de sortie\\u00a0: 2020.\",\"meta\":{\"artist\":\"La Fanfare du Karaboudjan\",\"album\":\"D\\u00e9mo\",\"year\":\"2020\",\"length_formatted\":\"3:21\"},\"image\":{\"src\":\"https:\/\/karaboudjan.fr\/wp-content\/uploads\/2022\/07\/Green-Black-Boogie-mp3-image.jpg\",\"width\":1098,\"height\":1098},\"thumb\":{\"src\":\"https:\/\/karaboudjan.fr\/wp-content\/uploads\/2022\/07\/Green-Black-Boogie-mp3-image-150x150.jpg\",\"width\":150,\"height\":150}},{\"src\":\"https:\/\/karaboudjan.fr\/wp-content\/uploads\/2022\/07\/Green-Black-Boogie.mp3\",\"type\":\"audio\/mpeg\",\"title\":\"Green Black Boogie\",\"caption\":\"\",\"description\":\"\\u003Ci\\u003EGreen Black Boogie\\u003C\/i\\u003E tir\\u00e9 de \\u003Ci\\u003ED\\u00e9mo\\u003C\/i\\u003E par La Fanfare du Karaboudjan. Date de sortie\\u00a0: 2020.\",\"meta\":{\"artist\":\"La Fanfare du Karaboudjan\",\"album\":\"D\\u00e9mo\",\"year\":\"2020\",\"length_formatted\":\"3:53\"},\"image\":{\"src\":\"https:\/\/karaboudjan.fr\/wp-content\/uploads\/2022\/07\/Green-Black-Boogie-mp3-image.jpg\",\"width\":1098,\"height\":1098},\"thumb\":{\"src\":\"https:\/\/karaboudjan.fr\/wp-content\/uploads\/2022\/07\/Green-Black-Boogie-mp3-image-150x150.jpg\",\"width\":150,\"height\":150}}]}<\/script>\n<\/div>\n\t\n<p><em><span style=\"color: #00ff00;\">\u00ab\u00a0Scottish M\u00e9tisse\u00a0\u00bb : Sylvain Roux \/ Francis Mounier &#8211; Arrgt. Francis Mounier<br \/>\n<\/span><\/em><em><span style=\"color: #00ff00;\">\u00ab\u00a0I Love UBB\u00a0\u00bb, adaptation de \u00ab\u00a0Can&rsquo;t take my eyes off of you\u00a0\u00bb\u00a0:\u00a0Crewe\/Gaudio\/Quan &#8211; Arrgt. et texte : Manu Vranckx<br \/>\n<\/span><\/em><em><span style=\"color: #00ff00;\">Emport\u00e9s par les vents : Manu Vranckx<br \/>\n<\/span><\/em><em><span style=\"color: #00ff00;\">Les autres morceaux sont \u00e9crits et arrang\u00e9s par\u00a0Gilles Bordonneau<\/span><\/em><\/p>\n","protected":false},"excerpt":{"rendered":"<p>\u00ab\u00a0Scottish M\u00e9tisse\u00a0\u00bb : Sylvain Roux \/ Francis Mounier &#8211; Arrgt. Francis Mounier \u00ab\u00a0I Love UBB\u00a0\u00bb, adaptation de \u00ab\u00a0Can&rsquo;t take my eyes off of you\u00a0\u00bb\u00a0:\u00a0Crewe\/Gaudio\/Quan &#8211; Arrgt. et texte : Manu Vranckx Emport\u00e9s par les vents : Manu Vranckx Les autres morceaux sont \u00e9crits et arrang\u00e9s par\u00a0Gilles Bordonneau<\/p>\n","protected":false},"author":1,"featured_media":0,"parent":0,"menu_order":1,"comment_status":"closed","ping_status":"closed","template":"","meta":{"footnotes":""},"class_list":["post-34","page","type-page","status-publish","hentry"],"_links":{"self":[{"href":"https:\/\/karaboudjan.fr\/index.php?rest_route=\/wp\/v2\/pages\/34","targetHints":{"allow":["GET"]}}],"collection":[{"href":"https:\/\/karaboudjan.fr\/index.php?rest_route=\/wp\/v2\/pages"}],"about":[{"href":"https:\/\/karaboudjan.fr\/index.php?rest_route=\/wp\/v2\/types\/page"}],"author":[{"embeddable":true,"href":"https:\/\/karaboudjan.fr\/index.php?rest_route=\/wp\/v2\/users\/1"}],"replies":[{"embeddable":true,"href":"https:\/\/karaboudjan.fr\/index.php?rest_route=%2Fwp%2Fv2%2Fcomments&post=34"}],"version-history":[{"count":19,"href":"https:\/\/karaboudjan.fr\/index.php?rest_route=\/wp\/v2\/pages\/34\/revisions"}],"predecessor-version":[{"id":267,"href":"https:\/\/karaboudjan.fr\/index.php?rest_route=\/wp\/v2\/pages\/34\/revisions\/267"}],"wp:attachment":[{"href":"https:\/\/karaboudjan.fr\/index.php?rest_route=%2Fwp%2Fv2%2Fmedia&parent=34"}],"curies":[{"name":"wp","href":"https:\/\/api.w.org\/{rel}","templated":true}]}}